{"id":11714,"date":"2016-10-17T12:44:11","date_gmt":"2016-10-17T12:44:11","guid":{"rendered":"http:\/\/networksistemas.com.br\/website\/?page_id=11714"},"modified":"2016-10-17T12:44:11","modified_gmt":"2016-10-17T12:44:11","slug":"regulamento","status":"publish","type":"page","link":"https:\/\/networksistemas.com.br\/website\/index.php\/hospedagem\/regulamento\/","title":{"rendered":"Regulamento"},"content":{"rendered":"<p>Pol\u00edtica dos Planos<\/p>\n<p>A networksistemas.com.br oferece condi\u00e7\u00f5es ideais para o crescimento dos sites de seus clientes, podendo o cliente ampliar o espa\u00e7o ou tr\u00e1fego que cada site consome sempre que for necess\u00e1rio. Existem por\u00e9m, algumas regras para a utiliza\u00e7\u00e3o da hospedagem dos sites, para que ela n\u00e3o prejudique os demais sites. N\u00e3o \u00e9 permitida a utiliza\u00e7\u00e3o de contas para:<\/p>\n<p>&#8211; A hospedagem de filmes, programas de TV, m\u00fasicas, softwares ou qualquer tipo de material com direitos autorais;<br \/>\n&#8211; A utiliza\u00e7\u00e3o da hospedagem como disco virtual, armazenamento de arquivos ou backups que n\u00e3o fa\u00e7am parte de seu site, ou para compartilhamento com o p\u00fablico;<br \/>\n&#8211; A hospedagem de aplica\u00e7\u00f5es que consomem recursos de forma abusiva, ou prejudiquem a plataforma compartilhada de alguma forma;<\/p>\n<p>Dessa forma a Network mantem a qualidade dos servi\u00e7os prestados a todos os nossos clientes.<\/p>\n","protected":false},"excerpt":{"rendered":"<p>Pol\u00edtica dos Planos A networksistemas.com.br oferece condi\u00e7\u00f5es ideais para o crescimento dos sites de seus clientes, podendo o cliente ampliar o espa\u00e7o ou tr\u00e1fego que cada site consome sempre que for necess\u00e1rio. Existem por\u00e9m, algumas regras para a utiliza\u00e7\u00e3o da hospedagem dos sites, para que ela n\u00e3o prejudique os demais sites. N\u00e3o \u00e9 permitida a&hellip;<\/p>\n<p class=\"more-link\"><a href=\"https:\/\/networksistemas.com.br\/website\/index.php\/hospedagem\/regulamento\/\" class=\"themebutton3\">Read More<\/a><\/p>\n","protected":false},"author":1,"featured_media":0,"parent":2,"menu_order":0,"comment_status":"closed","ping_status":"closed","template":"","meta":{"footnotes":""},"categories":[],"tags":[],"_links":{"self":[{"href":"https:\/\/networksistemas.com.br\/website\/index.php\/wp-json\/wp\/v2\/pages\/11714"}],"collection":[{"href":"https:\/\/networksistemas.com.br\/website\/index.php\/wp-json\/wp\/v2\/pages"}],"about":[{"href":"https:\/\/networksistemas.com.br\/website\/index.php\/wp-json\/wp\/v2\/types\/page"}],"author":[{"embeddable":true,"href":"https:\/\/networksistemas.com.br\/website\/index.php\/wp-json\/wp\/v2\/users\/1"}],"replies":[{"embeddable":true,"href":"https:\/\/networksistemas.com.br\/website\/index.php\/wp-json\/wp\/v2\/comments?post=11714"}],"version-history":[{"count":1,"href":"https:\/\/networksistemas.com.br\/website\/index.php\/wp-json\/wp\/v2\/pages\/11714\/revisions"}],"predecessor-version":[{"id":11715,"href":"https:\/\/networksistemas.com.br\/website\/index.php\/wp-json\/wp\/v2\/pages\/11714\/revisions\/11715"}],"up":[{"embeddable":true,"href":"https:\/\/networksistemas.com.br\/website\/index.php\/wp-json\/wp\/v2\/pages\/2"}],"wp:attachment":[{"href":"https:\/\/networksistemas.com.br\/website\/index.php\/wp-json\/wp\/v2\/media?parent=11714"}],"wp:term":[{"taxonomy":"category","embeddable":true,"href":"https:\/\/networksistemas.com.br\/website\/index.php\/wp-json\/wp\/v2\/categories?post=11714"},{"taxonomy":"post_tag","embeddable":true,"href":"https:\/\/networksistemas.com.br\/website\/index.php\/wp-json\/wp\/v2\/tags?post=11714"}],"curies":[{"name":"wp","href":"https:\/\/api.w.org\/{rel}","templated":true}]}}