{"id":11720,"date":"2016-10-17T12:58:50","date_gmt":"2016-10-17T12:58:50","guid":{"rendered":"http:\/\/networksistemas.com.br\/website\/?page_id=11720"},"modified":"2018-07-19T17:53:55","modified_gmt":"2018-07-19T17:53:55","slug":"datacenter","status":"publish","type":"page","link":"https:\/\/networksistemas.com.br\/website\/index.php\/hospedagem\/datacenter\/","title":{"rendered":"Datacenter"},"content":{"rendered":"<p>SERVIDORES E\u00a0CONEX\u00d5ES<\/p>\n<p>Contamos com servidores de alta performance, todos Bi-processados, com link de internet redundante o que lhes garante alta disponibilidade e com sa\u00edda para os maiores BackBones do Brasil e do Mundo.<\/p>\n<p>Nossa infra estrutura \u00e9 redundante com servidores instalados em 02 (dois) Data Centers, sendo um no Brasil e outro nos EUA. O que nos garante uma infraestrutura necess\u00e1ria para mant\u00ea-los funcionando em regime 24X7 durante 365 dias no ano.<\/p>\n<p>:::Climatiza\u00e7\u00e3o<br \/>\nContamos com dois sistemas distintos de climatiza\u00e7\u00e3o.<\/p>\n<p><img loading=\"lazy\" decoding=\"async\" class=\"alignnone size-medium wp-image-11719\" src=\"https:\/\/networksistemas.com.br\/website\/wp-content\/uploads\/2016\/10\/climat1-300x215.jpg\" alt=\"climat1\" width=\"300\" height=\"215\" srcset=\"https:\/\/networksistemas.com.br\/website\/wp-content\/uploads\/2016\/10\/climat1-300x215.jpg 300w, https:\/\/networksistemas.com.br\/website\/wp-content\/uploads\/2016\/10\/climat1.jpg 301w\" sizes=\"(max-width: 300px) 100vw, 300px\" \/><\/p>\n<p>:::Energia<br \/>\n&#8211; Projetado para oferecer um sistema h\u00edbrido N+1 e 2N;<br \/>\n&#8211; Tr\u00eas n\u00edveis de disponibilidade de energia, podendo atingir at\u00e9 99,99974%;<br \/>\n&#8211; 5 geradores el\u00e9tricos a Diesel, que proporcionam fornecimento de energia por tempo ilimitado;<br \/>\n&#8211; UPS\u2019s paralelas redundantes de \u00faltima gera\u00e7\u00e3o;<br \/>\n&#8211; Sistema de gerenciamento integrado de instala\u00e7\u00f5es.(BMS);<br \/>\n&#8211; Pain\u00e9is el\u00e9tricos inteligentes e micro-processados, que propiciam manuten\u00e7\u00e3o sem serem desligados;<br \/>\n&#8211; Sistema de aterramento e prote\u00e7\u00e3o contra raios de \u00faltima gera\u00e7\u00e3o e alta efici\u00eancia.<\/p>\n<p><img loading=\"lazy\" decoding=\"async\" class=\"alignnone size-full wp-image-11723\" src=\"https:\/\/networksistemas.com.br\/website\/wp-content\/uploads\/2016\/10\/energi1.jpg\" alt=\"energi1\" width=\"297\" height=\"216\" \/><img loading=\"lazy\" decoding=\"async\" class=\"alignnone size-full wp-image-11724\" src=\"https:\/\/networksistemas.com.br\/website\/wp-content\/uploads\/2016\/10\/energi2.jpg\" alt=\"energi2\" width=\"163\" height=\"216\" \/><\/p>\n<p>:::Ar Condicionado<br \/>\n&#8211; Projetado no sistema N+1 com equipamentos de precis\u00e3o;<br \/>\n&#8211; Sistema Split de Condensador Remoto de 30 TRs.(cada unidade \u2013 total 15);<br \/>\n&#8211; Controle de temperatura e umidade com precis\u00e3o de+\/- 2\u00b0C e +\/- 5%;<br \/>\n&#8211; Unidades microprocessadas para controle remoto via BMS;<br \/>\n&#8211; Filtros de ar de alta efici\u00eancia para controle de sujidade;<br \/>\n&#8211; Detec\u00e7\u00e3o autom\u00e1tica de vazamentos.<\/p>\n<p><img loading=\"lazy\" decoding=\"async\" class=\"alignnone size-full wp-image-11725\" src=\"https:\/\/networksistemas.com.br\/website\/wp-content\/uploads\/2016\/10\/ar_con1.jpg\" alt=\"ar_con1\" width=\"200\" height=\"150\" \/><img loading=\"lazy\" decoding=\"async\" class=\"alignnone size-full wp-image-11726\" src=\"https:\/\/networksistemas.com.br\/website\/wp-content\/uploads\/2016\/10\/ar_con2.jpg\" alt=\"ar_con2\" width=\"200\" height=\"150\" \/><\/p>\n<p>::: Detec\u00e7\u00e3o e Combate a Inc\u00eandio A extin\u00e7\u00e3o de inc\u00eandio \u00e9 feita em tr\u00eas n\u00edveis, sendo eles:<br \/>\n&#8211; Extintores de CO2;<br \/>\n&#8211; G\u00e1s Inergem;<br \/>\n&#8211; Spriklers tipo \u201cPre Action Dry Pipe\u201d.<\/p>\n<p><img loading=\"lazy\" decoding=\"async\" class=\"alignnone size-full wp-image-11727\" src=\"https:\/\/networksistemas.com.br\/website\/wp-content\/uploads\/2016\/10\/detec1.jpg\" alt=\"detec1\" width=\"150\" height=\"112\" \/> <img loading=\"lazy\" decoding=\"async\" class=\"alignnone size-medium wp-image-11728\" src=\"https:\/\/networksistemas.com.br\/website\/wp-content\/uploads\/2016\/10\/detec2.jpg\" alt=\"detec2\" width=\"150\" height=\"112\" \/> <img loading=\"lazy\" decoding=\"async\" class=\"alignnone size-medium wp-image-11729\" src=\"https:\/\/networksistemas.com.br\/website\/wp-content\/uploads\/2016\/10\/detec3.jpg\" alt=\"detec3\" width=\"150\" height=\"112\" \/><\/p>\n<p>:::Seguran\u00e7a F\u00edsica<br \/>\n&#8211; Monitorada 24 horas por dia de uma central de seguran\u00e7a;<br \/>\n&#8211; Mais de 70 c\u00e2meras com armazenamento digital de imagem;<br \/>\n&#8211; Sistema composto de tr\u00eas n\u00edveis de controle de acesso de \u00faltima gera\u00e7\u00e3o, com reconhecimento de impress\u00e3o digital e cart\u00e3o eletr\u00f4nico;<br \/>\n&#8211; Agentes de seguran\u00e7a treinados e equipados;<br \/>\n&#8211; Bombeiro 24 horas por dia.<\/p>\n<p><img loading=\"lazy\" decoding=\"async\" class=\"alignnone size-full wp-image-11730\" src=\"https:\/\/networksistemas.com.br\/website\/wp-content\/uploads\/2016\/10\/segur1.jpg\" alt=\"segur1\" width=\"186\" height=\"139\" \/> <img loading=\"lazy\" decoding=\"async\" class=\"alignnone size-medium wp-image-11731\" src=\"https:\/\/networksistemas.com.br\/website\/wp-content\/uploads\/2016\/10\/segur2.jpg\" alt=\"segur2\" width=\"186\" height=\"139\" \/><\/p>\n<p>A melhor estrutura para seu site. O melhor suporte!<\/p>\n<p>Esperamos hospedar seu site e, desde j\u00e1, garantimos o sucesso desta parceria!<\/p>\n","protected":false},"excerpt":{"rendered":"<p>SERVIDORES E\u00a0CONEX\u00d5ES Contamos com servidores de alta performance, todos Bi-processados, com link de internet redundante o que lhes garante alta disponibilidade e com sa\u00edda para os maiores BackBones do Brasil e do Mundo. Nossa infra estrutura \u00e9 redundante com servidores instalados em 02 (dois) Data Centers, sendo um no Brasil e outro nos EUA. O&hellip;<\/p>\n<p class=\"more-link\"><a href=\"https:\/\/networksistemas.com.br\/website\/index.php\/hospedagem\/datacenter\/\" class=\"themebutton3\">Read More<\/a><\/p>\n","protected":false},"author":1,"featured_media":0,"parent":2,"menu_order":0,"comment_status":"closed","ping_status":"closed","template":"","meta":{"footnotes":""},"categories":[],"tags":[],"_links":{"self":[{"href":"https:\/\/networksistemas.com.br\/website\/index.php\/wp-json\/wp\/v2\/pages\/11720"}],"collection":[{"href":"https:\/\/networksistemas.com.br\/website\/index.php\/wp-json\/wp\/v2\/pages"}],"about":[{"href":"https:\/\/networksistemas.com.br\/website\/index.php\/wp-json\/wp\/v2\/types\/page"}],"author":[{"embeddable":true,"href":"https:\/\/networksistemas.com.br\/website\/index.php\/wp-json\/wp\/v2\/users\/1"}],"replies":[{"embeddable":true,"href":"https:\/\/networksistemas.com.br\/website\/index.php\/wp-json\/wp\/v2\/comments?post=11720"}],"version-history":[{"count":4,"href":"https:\/\/networksistemas.com.br\/website\/index.php\/wp-json\/wp\/v2\/pages\/11720\/revisions"}],"predecessor-version":[{"id":12211,"href":"https:\/\/networksistemas.com.br\/website\/index.php\/wp-json\/wp\/v2\/pages\/11720\/revisions\/12211"}],"up":[{"embeddable":true,"href":"https:\/\/networksistemas.com.br\/website\/index.php\/wp-json\/wp\/v2\/pages\/2"}],"wp:attachment":[{"href":"https:\/\/networksistemas.com.br\/website\/index.php\/wp-json\/wp\/v2\/media?parent=11720"}],"wp:term":[{"taxonomy":"category","embeddable":true,"href":"https:\/\/networksistemas.com.br\/website\/index.php\/wp-json\/wp\/v2\/categories?post=11720"},{"taxonomy":"post_tag","embeddable":true,"href":"https:\/\/networksistemas.com.br\/website\/index.php\/wp-json\/wp\/v2\/tags?post=11720"}],"curies":[{"name":"wp","href":"https:\/\/api.w.org\/{rel}","templated":true}]}}