{"id":11735,"date":"2016-10-17T13:30:58","date_gmt":"2016-10-17T13:30:58","guid":{"rendered":"http:\/\/networksistemas.com.br\/website\/?page_id=11735"},"modified":"2018-07-19T17:55:26","modified_gmt":"2018-07-19T17:55:26","slug":"faq","status":"publish","type":"page","link":"https:\/\/networksistemas.com.br\/website\/index.php\/hospedagem\/faq\/","title":{"rendered":"FAQ"},"content":{"rendered":"<p><span class=\"TituloSemNegrito\"><img loading=\"lazy\" decoding=\"async\" class=\"size-full wp-image-11739 alignleft\" src=\"https:\/\/networksistemas.com.br\/website\/wp-content\/uploads\/2016\/10\/faq.png\" alt=\"faq\" width=\"138\" height=\"135\" \/>FAQ &#8211; D\u00daVIDAS MAIS FREQ\u00dcENTES<\/span><\/p>\n<p class=\"textosite\">As principais d\u00favidas que nossos clientes encontram no processo de inscri\u00e7\u00e3o est\u00e3o respondidas nesta p\u00e1gina, se voc\u00ea n\u00e3o tirar sua d\u00favida aqui por favor entre em contato<\/p>\n<p class=\"textosite\"><a href=\"#01\">01 &#8211; Como posso efetuar o pagamento da mensalidade da\u00a0Network?<\/a><br \/>\n<a href=\"#02\">02 &#8211; Quanto tempo leva para minha conta ser aberta depois da minha inscri\u00e7\u00e3o?<\/a><br \/>\n<a href=\"#03\">03 &#8211; Quanto tempo leva o registro de dom\u00ednio?<\/a><br \/>\n<a href=\"#04\">04 &#8211; Em quanto tempo minha conta estar\u00e1 ativa?<\/a><br \/>\n<a href=\"#05\">05 &#8211; O que preciso para registrar um dom\u00ednio .com?<\/a><br \/>\n<a href=\"#06\">06 &#8211; Como \u00e9 feito a cobran\u00e7a do registro de dom\u00ednios nacionais e internacionais?<\/a><br \/>\n<a href=\"#07\">07 &#8211; O que \u00e9 trafego mensal?<\/a><br \/>\n<a href=\"#08\">08 &#8211; Quais m\u00e9todos de pagamento a Network aceita?<\/a><br \/>\n<a href=\"#09\">09 &#8211; De quanto \u00e9 o link de voc\u00eas?<\/a><br \/>\n<a href=\"#10\">10 &#8211; Meu site ter\u00e1 um painel de controle?<\/a><br \/>\n<a href=\"#11\">11 &#8211; O que \u00e9 espa\u00e7o em disco?<\/a><br \/>\n<a href=\"#12\">12 &#8211; O que \u00e9 p\u00e1gina de erro configur\u00e1vel?<\/a><br \/>\n<a href=\"#13\">13 &#8211; Eu tenho mesmo direito a E-mails ilimitados?<\/a><br \/>\n<a href=\"#14\">14 &#8211; O que s\u00e3o apelidos de E-mail?<\/a><br \/>\n<a href=\"#15\">15 &#8211; O que \u00e9 &#8220;Estat\u00edsticas de visita\u00e7\u00e3o&#8221;?<\/a><br \/>\n<a href=\"#16\">16 &#8211; Para que serve o Webmail?<\/a><\/p>\n<p class=\"textosite\"><b><a style=\"font-weight: bold; color: #090;\" name=\"01\"><\/a>01<\/b> &#8211; <span style=\"font-weight: bold;\">Como posso efetuar o pagamento da mensalidade da Network?<\/span><br \/>\nAo contratar os servi\u00e7os da Network, voc\u00ea receber\u00e1 os dados para efetuar o pagamento da 1 \u00aa mensalidade. A primeira mensalidade dever\u00e1 ser paga antecipadamente antes da abertura da conta, a segunda, ap\u00f3s 30 (trinta) dias da data de abertura da conta, e todas as posteriores de m\u00eas em m\u00eas a partir da segunda mensalidade (com vencimento baseado na data de abertura de sua conta). Sua conta estar\u00e1 aberta em at\u00e9 24 horas ap\u00f3s o recebimento do formul\u00e1rio de pedido.<\/p>\n<p class=\"textosite\"><b><a style=\"color: #390; font-weight: bold;\" name=\"02\"><\/a>02<\/b> &#8211; <span style=\"font-weight: bold;\">Quanto tempo leva para minha conta ser aberta depois da minha inscri\u00e7\u00e3o?<\/span><br \/>\nAo realizar sua compra em hor\u00e1rio comercial, sua conta estar\u00e1 ativa no mesmo dia! Quando sua conta for aberta, voc\u00ea receber\u00e1 um email incluindo seu login, senha e todas as instru\u00e7\u00f5es para acesso \u00e0 sua conta.<\/p>\n<p class=\"textosite\"><b><a style=\"font-weight: bold; color: #390;\" name=\"03\"><\/a>03<\/b> &#8211; <span style=\"font-weight: bold;\">Quanto tempo leva o registro de dom\u00ednio?<\/span><br \/>\nEntre 16 e 72 horas.<\/p>\n<p class=\"textosite\"><b><a style=\"font-weight: bold; color: #390;\" name=\"04\"><\/a>04<\/b> &#8211; <span style=\"font-weight: bold;\">Em quanto tempo minha conta estar\u00e1 ativa?<\/span><br \/>\nEntre 2 e 8 horas ap\u00f3s a confirma\u00e7\u00e3o de pagamento.<\/p>\n<p class=\"textosite\"><b><a style=\"font-weight: bold; color: #390;\" name=\"05\"><\/a>05<\/b> &#8211; <span style=\"font-weight: bold;\">O que \u00e9 preciso para registrar um dom\u00ednio internacional?<\/span><br \/>\nNada. O registro para esse tipo de dom\u00ednio \u00e9 livre, qualquer pessoa poder\u00e1 registrar sem maiores problemas. ( extens\u00f5es .com .net .org .ws .name .info. biz ).<\/p>\n<p class=\"textosite\"><b><a style=\"font-weight: bold; color: #390;\" name=\"06\"><\/a>06<\/b> &#8211; <span style=\"font-weight: bold;\">Como \u00e9 a cobran\u00e7a do registro dos dom\u00ednios nacionais e internacionais?<\/span><br \/>\nAtrav\u00e9s de envio\u00a0de avisos de cobran\u00e7a com link para pagamento pelo Pagseguro.<\/p>\n<p class=\"textosite\"><b><a style=\"font-weight: bold; color: #390;\" name=\"07\"><\/a>07<\/b> &#8211; <span style=\"font-weight: bold;\">O que \u00e9 tr\u00e1fego mensal ?<\/span><br \/>\n\u00c9 a cota de megabytes que \u00e9 transferida diariamente de seu site, para o computador do visitante, como as p\u00e1ginas e imagens.<\/p>\n<p class=\"textosite\"><b><a style=\"font-weight: bold; color: #390;\" name=\"08\"><\/a>08<\/b> &#8211; <span style=\"font-weight: bold;\">Quais os m\u00e9todos de pagamento voc\u00eas aceitam?<\/span><br \/>\nPor enquanto a Network trabalha apenas com Pagseguro.<\/p>\n<p class=\"textosite\"><b><a style=\"font-weight: bold; color: #390;\" name=\"09\"><\/a>09<\/b> &#8211; <span style=\"font-weight: bold;\">De quanto \u00e9 o link de voc\u00eas?<\/span><br \/>\nTemos 5 links ligados a internet, somando um total de 1510Mbps de link.<br \/>\n&#8211; Verio OC3 Link to Internet 155Mbps<br \/>\n&#8211; Savvis OC3 Link to Internet 155Mbps<br \/>\n&#8211; ELI DS3 Link to Internet 45Mbps<br \/>\n&#8211; Time Warner OC3 Link to Internet 155Mbps<br \/>\n&#8211; Cogent GB Link to Internet 1000Mbps.<\/p>\n<p class=\"textosite\"><b><a style=\"font-weight: bold; color: #390;\" name=\"10\"><\/a>10<\/b> &#8211; <span style=\"font-weight: bold;\">Meu site ter\u00e1 um painel de controle?<\/span><br \/>\nSim, todos nossos clientes tem um painel de controle (que pode ser acessado atrav\u00e9s do navegador) para criar e-mails,mudar senhas e administrar a conta.<\/p>\n<p class=\"textosite\"><b><a style=\"font-weight: bold; color: #390;\" name=\"11\"><\/a>11<\/b> &#8211; <span style=\"font-weight: bold;\">O que \u00e9 espa\u00e7o em disco?<\/span><br \/>\n\u00c9 o espa\u00e7o dispon\u00edvel para voc\u00ea armazenar seus arquivos e e-mails.<\/p>\n<p class=\"textosite\"><b><a style=\"font-weight: bold; color: #390;\" name=\"12\"><\/a>12<\/b> &#8211; <span style=\"font-weight: bold;\">O que \u00e9 &#8220;p\u00e1gina de erro configur\u00e1vel&#8221; ?<\/span><br \/>\nCom este recurso voc\u00ea pode personalizar a p\u00e1gina de\u00a0ERRO 404 (Not Found).<\/p>\n<p class=\"textosite\"><b><a style=\"font-weight: bold; color: #390;\" name=\"13\"><\/a>13<\/b> &#8211; <span style=\"font-weight: bold;\">Eu tenho mesmo direito a E-mails ilimitados?<\/span><br \/>\nSim, voc\u00ea pode criar quantos E-mails desejar atrav\u00e9s do painel de controle. Estes E-mails ficam acess\u00edveis atrav\u00e9s do seu programa de E-mail preferido e pelo Webmail.<\/p>\n<p class=\"textosite\"><b><a style=\"font-weight: bold; color: #390;\" name=\"14\"><\/a>14<\/b> &#8211; <span style=\"font-weight: bold;\">O que s\u00e3o E-mails autoresponders?<\/span><br \/>\nSistema permite configurar uma resposta autom\u00e1tica para um determinado email de seu dom\u00ednio. Quando \u00e9 enviado um e-mail para seu-nome@seudominio.com.br, o remetente receber\u00e1 automaticamente a mensagem configurada por voc\u00ea.<\/p>\n<p class=\"textosite\"><b><a style=\"font-weight: bold; color: #390;\" name=\"15\"><\/a>15<\/b> &#8211; <span style=\"font-weight: bold;\">Para que serve as\u00a0&#8220;estat\u00edsticas de visita\u00e7\u00e3o&#8221;?<\/span><br \/>\nS\u00e3o dados sobre a audi\u00eancia do seu site. Esses dados s\u00e3o acess\u00edveis atrav\u00e9s do seu navegador e possuem gr\u00e1ficos para auxiliar a visualiza\u00e7\u00e3o. Entre os dados dispon\u00edveis temos : visitas por m\u00eas,\u00a0visitas por dia, visitas por semana, resumo total de cada m\u00eas, as horas em que seu site \u00e9 mais acessado, quais s\u00e3o os arquivos mais acessados, de onde vieram seus visitantes, etc&#8230;<\/p>\n<p class=\"textosite\"><span style=\"font-weight: bold; color: #390;\"><b><a style=\"color: #390; font-weight: bold;\" name=\"16\"><\/a>16<\/b> <\/span>&#8211; <span style=\"font-weight: bold;\">Para que serve o WebMail?<\/span><br \/>\nServe para voc\u00ea ler\/enviar e-mails atrav\u00e9s do browser.<\/p>\n","protected":false},"excerpt":{"rendered":"<p>FAQ &#8211; D\u00daVIDAS MAIS FREQ\u00dcENTES As principais d\u00favidas que nossos clientes encontram no processo de inscri\u00e7\u00e3o est\u00e3o respondidas nesta p\u00e1gina, se voc\u00ea n\u00e3o tirar sua d\u00favida aqui por favor entre em contato 01 &#8211; Como posso efetuar o pagamento da mensalidade da\u00a0Network? 02 &#8211; Quanto tempo leva para minha conta ser aberta depois da minha&hellip;<\/p>\n<p class=\"more-link\"><a href=\"https:\/\/networksistemas.com.br\/website\/index.php\/hospedagem\/faq\/\" class=\"themebutton3\">Read More<\/a><\/p>\n","protected":false},"author":1,"featured_media":0,"parent":2,"menu_order":0,"comment_status":"closed","ping_status":"closed","template":"","meta":{"footnotes":""},"categories":[],"tags":[],"_links":{"self":[{"href":"https:\/\/networksistemas.com.br\/website\/index.php\/wp-json\/wp\/v2\/pages\/11735"}],"collection":[{"href":"https:\/\/networksistemas.com.br\/website\/index.php\/wp-json\/wp\/v2\/pages"}],"about":[{"href":"https:\/\/networksistemas.com.br\/website\/index.php\/wp-json\/wp\/v2\/types\/page"}],"author":[{"embeddable":true,"href":"https:\/\/networksistemas.com.br\/website\/index.php\/wp-json\/wp\/v2\/users\/1"}],"replies":[{"embeddable":true,"href":"https:\/\/networksistemas.com.br\/website\/index.php\/wp-json\/wp\/v2\/comments?post=11735"}],"version-history":[{"count":6,"href":"https:\/\/networksistemas.com.br\/website\/index.php\/wp-json\/wp\/v2\/pages\/11735\/revisions"}],"predecessor-version":[{"id":12212,"href":"https:\/\/networksistemas.com.br\/website\/index.php\/wp-json\/wp\/v2\/pages\/11735\/revisions\/12212"}],"up":[{"embeddable":true,"href":"https:\/\/networksistemas.com.br\/website\/index.php\/wp-json\/wp\/v2\/pages\/2"}],"wp:attachment":[{"href":"https:\/\/networksistemas.com.br\/website\/index.php\/wp-json\/wp\/v2\/media?parent=11735"}],"wp:term":[{"taxonomy":"category","embeddable":true,"href":"https:\/\/networksistemas.com.br\/website\/index.php\/wp-json\/wp\/v2\/categories?post=11735"},{"taxonomy":"post_tag","embeddable":true,"href":"https:\/\/networksistemas.com.br\/website\/index.php\/wp-json\/wp\/v2\/tags?post=11735"}],"curies":[{"name":"wp","href":"https:\/\/api.w.org\/{rel}","templated":true}]}}