{"id":11748,"date":"2016-10-17T19:09:03","date_gmt":"2016-10-17T19:09:03","guid":{"rendered":"http:\/\/networksistemas.com.br\/website\/?page_id=11748"},"modified":"2018-07-19T17:59:07","modified_gmt":"2018-07-19T17:59:07","slug":"painel-de-controle","status":"publish","type":"page","link":"https:\/\/networksistemas.com.br\/website\/index.php\/painel-de-controle\/","title":{"rendered":"Painel de Controle"},"content":{"rendered":"<p><span style=\"font-family: Verdana;\"><b><span style=\"font-size: small;\">\u00a0<\/span><\/b><\/span><span class=\"titulonegrito\"><img loading=\"lazy\" decoding=\"async\" class=\"size-full wp-image-11767 alignleft\" src=\"https:\/\/networksistemas.com.br\/website\/wp-content\/uploads\/2016\/10\/cp.jpg\" alt=\"cp\" width=\"139\" height=\"129\" \/><strong>O que \u00e9 o painel de controle?<\/strong><\/span><br \/>\n\u00c9 um sistema baseado na web ( acess\u00edvel atrav\u00e9s do browser ) onde voc\u00ea , cliente Network, ir\u00e1 administrar seu site.<\/p>\n<p><strong><span class=\"titulonegrito\">O que \u00e9 poss\u00edvel fazer no painel de controle?<\/span><\/strong><br \/>\n<span class=\"textosite\">As principais op\u00e7\u00f5es s\u00e3o : criar contas de e-mail, crias contas de FTP, criar listas de e-mail, mudar sua senha, criar certificados em SSL, conferir dados do site e estat\u00edsticas, fazer backup de todos os arquivos. <\/span><\/p>\n<p><strong><span class=\"titulonegrito\">Painel de Controle CPANEL para Clientes<\/span><\/strong><br \/>\n<span class=\"textosite\">Painel de controle para o usu\u00e1rio final. Dispon\u00edvel para todos os dom\u00ednios hospedados em seu servidor. Criar contas de e-mails, redirecionamentos, salas de chat, auto-respostas, scripts cgi, bancos de dados, contas de FTP, mudar senhas, Webmail, conferir estat\u00edsticas, e muito mais&#8230;\u00a0<\/span><\/p>\n<p><strong><span class=\"titulonegrito\">Acessando seu painel de controle&#8230;<\/span><\/strong><br \/>\n<span class=\"textosite\">Para acess\u00e1-lo basta visitar o seguinte endere\u00e7o :<br \/>\nhttp:\/\/www.xxx.com.br\/cpanel\u00a0|\u00a0substitua o xxx pelo seu dom\u00ednio<br \/>\nbasta digitar seu login e senha (mesmo do FTP)<\/span><span style=\"font-family: Verdana;\"><span style=\"font-size: small;\">\u00a0\u00a0<\/span><\/span><\/p>\n<p class=\"textosite\" style=\"margin-left: 10;\" align=\"justify\"><span style=\"font-family: Verdana;\"><b> <span class=\"titulonegrito\" style=\"color: #006600; font-size: small;\"> :::Acesso ao WebMail <\/span><a name=\"20\"><\/a> <span style=\"color: #ffffff; font-size: small;\"> 20<\/span><\/b><\/span><\/p>\n<p class=\"textosite\" style=\"margin-left: 10;\" align=\"justify\"><span style=\"font-family: Verdana;\"><b> <span class=\"textosite\"><span style=\"font-size: small;\">h<\/span><\/span><\/b><span class=\"textosite\"><span style=\"font-size: small;\">ttp:\/\/www.seudominio.com.br\/webmail\/<br \/>\n(seu dominio deve estar com os nossos DNS\u00b4s j\u00e1 propagados)\u00a0 <\/span><\/span><\/span><\/p>\n<p class=\"textosite\" style=\"margin-left: 10;\" align=\"justify\"><span style=\"font-family: Verdana;\"><b> <span style=\"font-size: small;\">Configura\u00e7\u00e3o de e-mails em programas<br \/>\nPOP3 (outlook, eudora&#8230;)<\/span><\/b> <\/span><\/p>\n<ul>\n<li>\n<p class=\"peq\" style=\"margin-left: 10;\" align=\"justify\"><span class=\"textosite\"><span style=\"font-family: Verdana; font-size: small;\">POP3:<br \/>\nmail.seudominio.com.br ou utilize o Ip do site<\/span> <\/span><\/p>\n<\/li>\n<li>\n<p class=\"peq\" style=\"margin-left: 10;\" align=\"justify\"><span class=\"textosite\"><span style=\"font-family: Verdana; font-size: small;\">SMTP:<br \/>\nUtilize o SMTP do seu provedor de acesso \u00e0 internet,\u00a0exemplo: smtp.nomedoseuprovedor.com.br ou o n\u00famero\u00a0ip de seu site.<br \/>\n<\/span><\/span><\/p>\n<\/li>\n<li>\n<p class=\"peq\" style=\"margin-left: 10;\" align=\"justify\"><span class=\"textosite\"><span style=\"font-family: Verdana;\"> <span style=\"font-size: small;\">Login: O nome da conta \u00e9 o pr\u00f3prio\u00a0e-mail exemplo: <\/span> <a href=\"mailto:joao@seucliente.com.br\"> <span style=\"font-size: small;\">joao@seucliente.com.br<\/span><\/a><\/span> <\/span><\/p>\n<\/li>\n<li>\n<p class=\"peq\" style=\"margin-left: 10;\" align=\"justify\"><span class=\"textosite\"><span style=\"font-family: Verdana; font-size: small;\">(o\u00a0e-mail deve estar criado no painel de controle)\u00a0<\/span><br \/>\n<\/span><\/p>\n<\/li>\n<\/ul>\n<p class=\"textosite\" style=\"margin-left: 10;\" align=\"justify\"><span style=\"font-family: Verdana;\"><b> <span class=\"titulonegrito\" style=\"color: #006600; font-size: small;\"> :::Acesso ao FTP <\/span><a name=\"21\"><\/a><span style=\"color: #ffffff; font-size: small;\"> 21<\/span><\/b><\/span><\/p>\n<ul>\n<li>\n<p class=\"peq\" style=\"margin-left: 10;\" align=\"justify\"><span class=\"textosite\"><span style=\"font-family: Verdana; font-size: small;\">FTP<br \/>\n<a href=\"ftp:\/\/ftp.seudominio.com.br\">ftp.seudominio.com.br<\/a>\u00a0ou\u00a0n\u00famero IP de seu site.\u00a0(recomendamos acessar pelo ip)<\/span> <\/span><\/p>\n<\/li>\n<li>\n<p class=\"peq\" style=\"margin-left: 10;\" align=\"justify\"><span class=\"textosite\"><span style=\"font-family: Verdana;\"><b> <span style=\"font-size: small;\">Aten\u00e7ao: todos os arquivos do seu\u00a0site devem ser colocados dentro do diret\u00f3rio public_html\u00a0de seu FTP<\/span><\/b><span style=\"font-size: small;\"> &#8211; nenhum arquivo\u00a0deve ser colocado fora deste diret\u00f3rio, pois pode\u00a0danificar todo o sistema.\u00a0<\/span><\/span> <\/span><\/p>\n<\/li>\n<li>\n<p class=\"peq\" style=\"margin-left: 10;\" align=\"justify\"><span class=\"textosite\"><span style=\"font-family: Verdana;\"> <span style=\"font-size: small;\">Voc\u00ea deve acessar o FTP utilizando\u00a0um programa de FTP. <b>N\u00e3o acesse via Internet Explorer<\/b>.\u00a0<\/span><b><span style=\"font-size: small;\">Recomendamos o uso do\u00a0Programa <\/span> <a title=\"Fazer Donwload.\" href=\"https:\/\/filezilla-project.org\/download.php?type=server\" target=\"_blank\"> <span style=\"font-size: small;\">FILEZILLA<\/span><\/a><\/b><\/span> <\/span><\/p>\n<\/li>\n<li>\n<p class=\"peq\" style=\"margin-left: 10;\" align=\"justify\"><span class=\"textosite\"><span style=\"font-family: Verdana; font-size: small;\">O\u00a0login e a senha de acesso do seu FTP, \u00e9 a mesma\u00a0de acesso ao Painel de Controle<\/span><\/span><\/p>\n<\/li>\n<\/ul>\n<p class=\"textosite\" style=\"margin-left: 10;\" align=\"justify\"><span style=\"font-family: Verdana;\"><b><span style=\"color: #006600; font-size: small;\"> <span class=\"TituloSemNegrito\">:::Altera\u00e7\u00e3o de DNS<\/span><\/span><a name=\"22\"><\/a> <span style=\"color: #ffffff; font-size: small;\"> 22<\/span><\/b><\/span><\/p>\n<ul>\n<li>\n<p class=\"peq\" style=\"margin-left: 10;\" align=\"justify\"><span class=\"textosite\"><span style=\"font-family: Verdana; font-size: small;\">Ao\u00a0fazer a inscri\u00e7\u00e3o voc\u00ea receber\u00e1 os DNS de seu dom\u00ednio.\u00a0Ap\u00f3s a libera\u00e7\u00e3o da conta, voc\u00ea deve inserir este\u00a0DNS no site de registro do seu dom\u00ednio, apenas caso\u00a0j\u00e1 tenho um dom\u00ednio registrado.<\/span> <\/span><\/p>\n<\/li>\n<li>\n<p class=\"peq\" style=\"margin-left: 10;\" align=\"justify\"><span class=\"textosite\"><span style=\"font-family: Verdana; font-size: small;\">Qualquer\u00a0altera\u00e7\u00e3o de DNS ou IP, precisa de <b>24 a 48 horas\u00a0para que seja publicada e totalmente propagada<\/b>,\u00a0a partir do momento da configura\u00e7\u00e3o. S\u00f3 assim todos\u00a0os computadores conseguir\u00e3o acessar seu dom\u00ednio\u00a0normalmente.<\/span><\/span><\/p>\n<\/li>\n<\/ul>\n<p class=\"textosite\" style=\"margin-left: 10;\" align=\"justify\"><span style=\"font-family: Verdana;\"><b><span style=\"color: #006600; font-size: small;\"> <span class=\"titulonegrito\">:::Acesso ao Painel de Controle<\/span><\/span><a name=\"23\"><\/a> <span style=\"color: #ffffff; font-size: small;\">23<\/span><\/b><\/span><\/p>\n<ul class=\"textosite\">\n<li>\n<p class=\"peq\" style=\"margin-left: 10;\" align=\"justify\"><span style=\"font-family: Verdana;\"> <a href=\"http:\/\/www.seudominio.com.br\/cpanel\"> <span style=\"font-size: small;\">http:\/\/www.seudominio.com.br\/cpanel<\/span><\/a> <\/span><\/p>\n<\/li>\n<li>\n<p class=\"peq\" style=\"margin-left: 10;\" align=\"justify\"><span style=\"font-family: Verdana; font-size: small;\">\u00a0(seu\u00a0dom\u00ednio deve estar com os nossos DNS\u00b4s j\u00e1 propagados)<\/span><span style=\"font-size: small; font-family: Verdana;\">\u00a0<\/span><\/p>\n<\/li>\n<\/ul>\n<p class=\"textosite\" style=\"margin-left: 10;\" align=\"justify\"><span style=\"font-family: Verdana;\"><b><span style=\"color: #006600; font-size: small;\"> <span class=\"titulonegrito\">:::Principais Fun\u00e7\u00f5es do Painel de Controle<\/span><\/span><a name=\"24\"><\/a> <span style=\"color: #ffffff; font-size: small;\">24<\/span><\/b><\/span><\/p>\n<p class=\"textosite\" style=\"margin-left: 10;\" align=\"justify\"><span style=\"font-family: Verdana; font-size: small;\">Ao\u00a0acessar seu painel de controle, voc\u00ea j\u00e1 ter\u00e1 acesso\u00a0a todas as informa\u00e7\u00f5es de sua conta: quanto espa\u00e7o da\u00a0conta voc\u00ea est\u00e1 usando, subdom\u00ednios, bancos de dados,\u00a0recursos de e-mail, contas de FTP, tr\u00e1fego de dados,\u00a0etc..<\/span><\/p>\n<p class=\"textosite\" style=\"margin-left: 10;\" align=\"justify\"><span style=\"font-family: Verdana;\"><b> <span style=\"color: #006600; font-size: small;\">Menu HOME<\/span><\/b><span style=\"font-size: small;\"><span style=\"color: #006600;\">:<\/span> Retorna \u00e0 p\u00e1gina inicial do seu Cpanel.<\/span><\/span><\/p>\n<ul>\n<li>\n<p class=\"peq\" style=\"margin-left: 10;\" align=\"justify\"><span class=\"textosite\"><span style=\"font-family: Verdana;\"><b> <span style=\"color: #003366; font-size: small;\">Gerenciar E-mails <\/span><\/b><span style=\"font-size: small;\"><span style=\"color: #003366;\">:<\/span> Neste menu, voc\u00ea ser\u00e1 encaminhado para outra p\u00e1gina\u00a0com mais 08 sub-menus que se refere a contas de\u00a0emails, s\u00e3o eles: <\/span><\/span> <\/span><\/p>\n<\/li>\n<\/ul>\n<ul>\n<li>\n<p class=\"peq\" style=\"margin-left: 10;\" align=\"justify\"><span class=\"textosite\"><span style=\"font-family: Verdana;\"><b> <span style=\"font-size: small;\">Acesso ao Webmail:<\/span><\/b><span style=\"font-size: small;\"> Clicando neste menu, voc\u00ea ser\u00e1 encaminhado ao seu\u00a0Webmail, voc\u00ea precisar\u00e1 digitar um login e senha\u00a0de um e-mail j\u00e1 existente em seu painel de controle.<\/span><\/span> <\/span><\/p>\n<\/li>\n<li>\n<p class=\"peq\" style=\"margin-left: 10;\" align=\"justify\"><span class=\"textosite\"><span style=\"font-family: Verdana;\"><b> <span style=\"font-size: small;\">Adicionar e remover emails: <\/span> <\/b> <span style=\"font-size: small;\">Neste link, voc\u00ea poder\u00e1 criar\u00a0ilimitadas contas de emails POP3 do tipo nome@seudominio.com.br\u00a0e configurar em seu programa local de emails, como\u00a0o Outlook Express, Eudora entre outros, al\u00e9m de\u00a0visualizar suas mensagens em nosso Webmail.<\/span><\/span> <\/span><\/p>\n<\/li>\n<li>\n<p class=\"peq\" style=\"margin-left: 10;\" align=\"justify\"><span class=\"textosite\"><span style=\"font-family: Verdana;\"><b> <span style=\"font-size: small;\">E-mail Pega Tudo:<\/span><\/b><span style=\"font-size: small;\"> Este link define um e-mail padr\u00e3o para que receba\u00a0qualquer e-mail inexistente.<\/span><\/span> <\/span><\/p>\n<\/li>\n<li>\n<p class=\"peq\" style=\"margin-left: 10;\" align=\"justify\"><span class=\"textosite\"><span style=\"font-family: Verdana;\"><b> <span style=\"font-size: small;\">Auto-respostas: <\/span><\/b><span style=\"font-size: small;\">Neste\u00a0link voc\u00ea poder\u00e1 criar Auto-respostas.<\/span><\/span> <\/span><\/p>\n<\/li>\n<li>\n<p class=\"peq\" style=\"margin-left: 10;\" align=\"justify\"><span class=\"textosite\"><span style=\"font-family: Verdana;\"><b> <span style=\"font-size: small;\">Bloquear emails indesejados:<\/span><\/b><span style=\"font-size: small;\"> Este link \u00e9 muito \u00fatil. Voc\u00ea poder\u00e1 definir uma\u00a0lista de emails que n\u00e3o queira receber em seu Webmail.<\/span><\/span> <\/span><\/p>\n<\/li>\n<li>\n<p class=\"peq\" style=\"margin-left: 10;\" align=\"justify\"><span class=\"textosite\"><span style=\"font-family: Verdana;\"><b> <span style=\"font-size: small;\">Redirecionar emails:<\/span><\/b><span style=\"font-size: small;\"> Neste link, voc\u00ea poder\u00e1 definir qualquer e-mail para\u00a0receber mensagens enviadas para um e-mail de sua\u00a0conta em nosso servidor.<\/span><\/span> <\/span><\/p>\n<\/li>\n<li>\n<p class=\"peq\" style=\"margin-left: 10;\" align=\"justify\"><span class=\"textosite\"><span style=\"font-family: Verdana;\"><b> <span style=\"font-size: small;\">Filtro Spam:<\/span><\/b><span style=\"font-size: small;\"> Um bom filtro anti-spam<\/span><\/span> <\/span><\/p>\n<\/li>\n<li>\n<p class=\"peq\" style=\"margin-left: 10;\" align=\"justify\"><span class=\"textosite\"><span style=\"font-family: Verdana;\"><strong> <span style=\"font-size: small;\">Modificar entrada MX<\/span><\/strong><span style=\"font-size: small;\">:<br \/>\nVoc\u00ea poder\u00e1 apontar todos seus emails para seu servidor\u00a0remoto.<\/span><\/span> <\/span><\/p>\n<\/li>\n<li>\n<p class=\"peq\" style=\"margin-left: 10;\" align=\"justify\"><span class=\"textosite\"><span style=\"font-family: Verdana;\"><b> <span style=\"color: #003366; font-size: small;\">Outros Menus<\/span><\/b> <\/span> <\/span><\/p>\n<\/li>\n<\/ul>\n<ul>\n<li>\n<p class=\"peq\" style=\"margin-left: 10;\" align=\"justify\"><span class=\"textosite\"><span style=\"font-family: Verdana;\"><strong> <span style=\"font-size: small;\">Alterar senha de FTP\/:<\/span><\/strong><span style=\"font-size: small;\"> Neste link voc\u00ea poder\u00e1 modificar a sua senha de\u00a0acesso ao Painel de Controle e FTP<\/span><\/span> <\/span><\/p>\n<\/li>\n<li>\n<p class=\"peq\" style=\"margin-left: 10;\" align=\"justify\"><span class=\"textosite\"><span style=\"font-family: Verdana;\"><b> <span style=\"font-size: small;\">Subdom\u00ednios:<\/span><\/b><span style=\"font-size: small;\"> Neste link voc\u00ea poder\u00e1 criar ilimitados subdom\u00ednios\u00a0do tipo http:\/\/subdominio.seudominio.com.b<\/span><\/span> <\/span><\/p>\n<\/li>\n<li>\n<p class=\"peq\" style=\"margin-left: 10;\" align=\"justify\"><span class=\"textosite\"><span style=\"font-family: Verdana;\"><b> <span style=\"font-size: small;\">Gerenciador de FTP:<\/span><\/b><span style=\"font-size: small;\"> Neste link voc\u00ea poder\u00e1 criar contas de acesso a\u00a0FTP adicionais. ao criar um acesso de FTP adicional,\u00a0o sistema criar\u00e1 automaticamente um diret\u00f3rio em\u00a0seu FTP que corresponder\u00e1 ao acesso atribu\u00eddo.<\/span><\/span> <\/span><\/p>\n<\/li>\n<li>\n<p class=\"peq\" style=\"margin-left: 10;\" align=\"justify\"><span class=\"textosite\"><span style=\"font-family: Verdana;\"><b> <span style=\"font-size: small;\">P\u00e1ginas de Erros 404\/403\/401:<\/span><\/b><span style=\"font-size: small;\"> Neste link voc\u00ea poder\u00e1 configurar suas p\u00e1ginas de\u00a0erros personalizadas<\/span><\/span> <\/span><\/p>\n<\/li>\n<li>\n<p class=\"peq\" style=\"margin-left: 10;\" align=\"justify\"><span class=\"textosite\"><span style=\"font-family: Verdana;\"><b> <span style=\"font-size: small;\">Gerenciador de Arquivos (FTP via<br \/>\nWEB): <\/span><\/b><span style=\"font-size: small;\">Voc\u00ea poder\u00e1 utilizar\u00a0este recurso para criar, carregar, mover, renomear\u00a0e apagar arquivos e diret\u00f3rios. Ideal para usu\u00e1rios\u00a0com pouca experi\u00eancia com FTP.<\/span><\/span> <\/span><\/p>\n<\/li>\n<li>\n<p class=\"peq\" style=\"margin-left: 10;\" align=\"justify\"><span class=\"textosite\"><span style=\"font-family: Verdana;\"><b> <span style=\"font-size: small;\">Proteger Diret\u00f3rio:<\/span><\/b><span style=\"font-size: small;\">Neste\u00a0link voc\u00ea poder\u00e1 proteger determinados diret\u00f3rios\u00a0por senhas. Esta op\u00e7\u00e3o somente funcionar\u00e1 se o dom\u00ednio<br \/>\nem quest\u00e3o estiver com as extens\u00f5es Front Page DESABILITADAS.<\/span><\/span> <\/span><\/p>\n<\/li>\n<li>\n<p class=\"peq\" style=\"margin-left: 10;\" align=\"justify\"><span class=\"textosite\"><span style=\"font-family: Verdana;\"><b> <span style=\"font-size: small;\">Ferramenta de Backup:<\/span><\/b><span style=\"font-size: small;\"> Voc\u00ea ter\u00e1 total flexibilidade e baixar o \u00faltimo\u00a0backup de seus arquivos e banco de dados. O backup<br \/>\n\u00e9 atualizado diariamente.<\/span><\/span> <\/span><\/p>\n<\/li>\n<li>\n<p class=\"peq\" style=\"margin-left: 10;\" align=\"justify\"><span class=\"textosite\"><span style=\"font-family: Verdana;\"><b> <span style=\"font-size: small;\">Banco de Dados MySQL:<\/span><\/b><span style=\"font-size: small;\"> Neste link, voc\u00ea ter\u00e1 a flexibilidade de criar banco\u00a0de dados MySQL, definir usu\u00e1rios ao banco de dados\u00a0e ter acesso ao PhpMyAdmin, para criar, modificar\u00a0tabelas e seus respectivos registros. Ao acessar\u00a0o PhpMyAdmin, escolha a linguagem Portugu\u00eas Brasil.<\/span><\/span> <\/span><\/p>\n<\/li>\n<li>\n<p class=\"peq\" style=\"margin-left: 10;\" align=\"justify\"><span class=\"textosite\"><span style=\"font-family: Verdana;\"><b> <span style=\"font-size: small;\">Tarefas Cron:<\/span><\/b><span style=\"font-size: small;\"> Utilize apenas de voc\u00ea for um usu\u00e1rio avan\u00e7ado em\u00a0Cron Jobs, caso contr\u00e1rio voc\u00ea poder\u00e1 danificar\u00a0o seu dom\u00ednio. Esta \u00e9 uma interface para o programa\u00a0CRON. Atrav\u00e9s dele voc\u00ea pode agendar a execu\u00e7\u00e3o\u00a0de uma tarefa para uma determinada hora ou em intervalos\u00a0regulares.<\/span><\/span> <\/span><\/p>\n<\/li>\n<li>\n<p class=\"peq\" style=\"margin-left: 10;\" align=\"justify\"><span class=\"textosite\"><span style=\"font-family: Verdana;\"><b> <span style=\"font-size: small;\">Handlers do Apache:<\/span><\/b><span style=\"font-size: small;\"> Defini\u00e7\u00f5es do Handlers do Apache.<\/span><\/span> <\/span><\/p>\n<\/li>\n<li>\n<p class=\"peq\" style=\"margin-left: 10;\" align=\"justify\"><span class=\"textosite\"><span style=\"font-family: Verdana;\"><b> <span style=\"font-size: small;\">Preven\u00e7\u00e3o de Link:<\/span><\/b><span style=\"font-size: small;\"> Prote\u00e7\u00f5es de links<\/span><\/span> <\/span><\/p>\n<\/li>\n<li>\n<p class=\"peq\" style=\"margin-left: 10;\" align=\"justify\"><span class=\"textosite\"><span style=\"font-family: Verdana;\"><b> <span style=\"font-size: small;\">Estat\u00edsticas Web e FTP<\/span><\/b><span style=\"font-size: small;\">:<br \/>\nNunca mais voc\u00ea ir\u00e1 ter d\u00favidas sobre o sucesso\u00a0de seu website. Este recurso lhe permite acompanhar\u00a0com detalhes como anda as visitas de seu website,\u00a0lhe mostrando quantas visitas, sess\u00f5es, transfer\u00eancia\u00a0de arquivos voc\u00ea teve por dia, semana, m\u00eas e ano.\u00a0Tudo acompanhado de gr\u00e1ficos em formato de linha,\u00a0barras, torta e m\u00faltiplas barras. Voc\u00ea vai saber\u00a0de onde os seus visitantes est\u00e3o vindo antes de\u00a0visitarem o seu site, quais s\u00e3o as p\u00e1ginas mais\u00a0visitadas, qual \u00e9 o browser mais utilizado e muito\u00a0mais informa\u00e7\u00f5es. Disponibilizamos diversas estat\u00edsticas.<\/span><\/span> <\/span><\/p>\n<\/li>\n<li>\n<p class=\"peq\" style=\"margin-left: 10;\" align=\"justify\"><span class=\"textosite\"><span style=\"font-family: Verdana;\"><b> <span style=\"font-size: small;\">Script de Bate Papo<\/span><\/b><span style=\"font-size: small;\">:<br \/>\nO chat permite que seus visitantes se comuniquem,\u00a0criando um ambiente de &#8220;comunidade virtual&#8221;,\u00a0ou que voc\u00ea atenda seus clientes. Basta incluir\u00a0uma simples linha de c\u00f3digo em sua p\u00e1gina, para\u00a0ter o chat funcionando.<\/span><\/span> <\/span><\/p>\n<\/li>\n<li>\n<p class=\"peq\" style=\"margin-left: 10;\" align=\"justify\"><span class=\"textosite\"><span style=\"font-family: Verdana;\"><b> <span style=\"font-size: small;\">Scripts em CGI:<\/span><\/b><span style=\"font-size: small;\"> Esta fun\u00e7\u00e3o lhe permitir\u00e1 instalar gratuitamente\u00a0em sua conta diversos scripts pr\u00e9-configurados,\u00a0tais como contadores, livro de visitas, rel\u00f3gio,\u00a0contagem regressiva, CGI-Mail, Formmail, pesquisa\u00a0no site e outros. Com estes recursos, a instala\u00e7\u00e3o\u00a0de scripts que iriam tomar um bom tempo e exigir\u00a0muito conhecimento t\u00e9cnico, agora \u00e9 autom\u00e1tica,\u00a0r\u00e1pida e simples. Poder\u00e1 tamb\u00e9m ativar uma op\u00e7\u00e3o<br \/>\nque lhe permitir\u00e1 executar scripts com seu login\u00a0de usu\u00e1rio.<\/span><\/span> <\/span><\/p>\n<\/li>\n<li>\n<p class=\"peq\" style=\"margin-left: 10;\" align=\"justify\"><span class=\"textosite\"><span style=\"font-family: Verdana;\"><b> <span style=\"font-size: small;\">Ferramentas de Rede:<\/span><\/b><span style=\"font-size: small;\"> Tra\u00e7a a rota de seu dom\u00ednio.<\/span><\/span> <\/span><\/p>\n<\/li>\n<li>\n<p class=\"peq\" style=\"margin-left: 10;\" align=\"justify\"><span class=\"textosite\"><span style=\"font-family: Verdana;\"><b> <span style=\"font-size: small;\">Loja virtual (ingl\u00eas):<\/span><\/b><span style=\"font-size: small;\"> Loja virtual dispon\u00edvel pela Cpanel.net &#8211; o suporte\u00a0desta loja dever\u00e1 ser obtido em support@cpanel.net\u00a0pois n\u00e3o \u00e9 um sistema desenvolvido pela Network,\u00a0apenas \u00e9 disponibilizado em seu painel de controle\u00a0por utilizarmos o painel Cpanel.<\/span><\/span> <\/span><\/p>\n<\/li>\n<li>\n<p class=\"peq\" style=\"margin-left: 10;\" align=\"justify\"><span class=\"textosite\"><span style=\"font-family: Verdana;\"><b> <span style=\"font-size: small;\">Extens\u00e3o Frontpage\u2122: <\/span><\/b><span style=\"font-size: small;\">Esta\u00a0op\u00e7\u00e3o instala as extens\u00f5es FrontPage 2002 para que\u00a0voc\u00ea use todos os recursos do mais popular programa\u00a0de confec\u00e7\u00e3o e manuten\u00e7\u00e3o de websites. Obs.: Tamb\u00e9m\u00a0\u00e9 compat\u00edvel com todas as vers\u00f5es anteriores do\u00a0FrontPage.<\/span><\/span> <\/span><\/p>\n<\/li>\n<li>\n<p class=\"peq\" style=\"margin-left: 10;\" align=\"justify\"><span class=\"textosite\"><span style=\"font-family: Verdana;\"><b> <span style=\"font-size: small;\">Forum:<\/span><\/b><span style=\"font-size: small;\"> Instale um excelente script de Forum &#8211; totalmente\u00a0personaliz\u00e1vel<\/span><\/span> <\/span><\/p>\n<\/li>\n<li>\n<p class=\"textosite\" style=\"margin-left: 10;\" align=\"justify\"><span style=\"font-family: Verdana;\"><b> <span style=\"font-size: small;\">Chaves PGP:<\/span><\/b><span style=\"font-size: small;\"> Uma &#8220;chave&#8221; \u00e9 como se fosse uma senha,\u00a0e \u00e9 utilizada para criptografar textos ou arquivos\u00a0de forma que algu\u00e9m que os intercepte, e n\u00e3o seja\u00a0o destinat\u00e1rio intencionado, n\u00e3o possa fazer uso\u00a0algum de seu conte\u00fado.\u00a0O GnuPG, assim como outros sistemas de criptografia\u00a0por chave p\u00fablica, utiliza duas chaves: uma para\u00a0&#8220;embaralhar&#8221; o texto, a chave p\u00fablica,\u00a0e outra para torn\u00e1-lo leg\u00edvel novamente, a chave\u00a0privada. Qualquer um que queira mand\u00e1-lo uma mensagem\u00a0particular utiliza sua chave p\u00fablica para criptograf\u00e1-la.\u00a0Apenas com a chave privada correspondente, que s\u00f3\u00a0voc\u00ea tem, \u00e9 que \u00e9 poss\u00edvel reverter o processo de\u00a0criptografia. <\/span><\/span><\/p>\n<p class=\"peq\" style=\"margin-left: 10;\" align=\"justify\"><span class=\"textosite\"><span style=\"font-family: Verdana; font-size: small;\">Atrav\u00e9s\u00a0deste gerenciador, voc\u00ea pode manipular seu &#8220;chaveiro&#8221;,\u00a0isto \u00e9, o arquivo que cont\u00e9m sua chave privada e\u00a0as chaves p\u00fablicas que perten\u00e7am a voc\u00ea ou \u00e0queles\u00a0com quem voc\u00ea deseja se comunicar.<\/span><\/span><\/p>\n<\/li>\n<\/ul>\n<p class=\"textosite\" style=\"margin-left: 10;\" align=\"justify\"><b> <span style=\"color: #cc0000; font-family: Verdana; font-size: small;\">Aten\u00e7\u00e3o:\u00a0\u00c9 recomend\u00e1vel que todos os clientes salvem esta p\u00e1ginas\u00a0para refer\u00eancias posteriores.<\/span><\/b><\/p>\n","protected":false},"excerpt":{"rendered":"<p>\u00a0O que \u00e9 o painel de controle? \u00c9 um sistema baseado na web ( acess\u00edvel atrav\u00e9s do browser ) onde voc\u00ea , cliente Network, ir\u00e1 administrar seu site. O que \u00e9 poss\u00edvel fazer no painel de controle? As principais op\u00e7\u00f5es s\u00e3o : criar contas de e-mail, crias contas de FTP, criar listas de e-mail, mudar&hellip;<\/p>\n<p class=\"more-link\"><a href=\"https:\/\/networksistemas.com.br\/website\/index.php\/painel-de-controle\/\" class=\"themebutton3\">Read More<\/a><\/p>\n","protected":false},"author":1,"featured_media":0,"parent":0,"menu_order":0,"comment_status":"closed","ping_status":"closed","template":"","meta":{"footnotes":""},"categories":[],"tags":[],"_links":{"self":[{"href":"https:\/\/networksistemas.com.br\/website\/index.php\/wp-json\/wp\/v2\/pages\/11748"}],"collection":[{"href":"https:\/\/networksistemas.com.br\/website\/index.php\/wp-json\/wp\/v2\/pages"}],"about":[{"href":"https:\/\/networksistemas.com.br\/website\/index.php\/wp-json\/wp\/v2\/types\/page"}],"author":[{"embeddable":true,"href":"https:\/\/networksistemas.com.br\/website\/index.php\/wp-json\/wp\/v2\/users\/1"}],"replies":[{"embeddable":true,"href":"https:\/\/networksistemas.com.br\/website\/index.php\/wp-json\/wp\/v2\/comments?post=11748"}],"version-history":[{"count":5,"href":"https:\/\/networksistemas.com.br\/website\/index.php\/wp-json\/wp\/v2\/pages\/11748\/revisions"}],"predecessor-version":[{"id":12214,"href":"https:\/\/networksistemas.com.br\/website\/index.php\/wp-json\/wp\/v2\/pages\/11748\/revisions\/12214"}],"wp:attachment":[{"href":"https:\/\/networksistemas.com.br\/website\/index.php\/wp-json\/wp\/v2\/media?parent=11748"}],"wp:term":[{"taxonomy":"category","embeddable":true,"href":"https:\/\/networksistemas.com.br\/website\/index.php\/wp-json\/wp\/v2\/categories?post=11748"},{"taxonomy":"post_tag","embeddable":true,"href":"https:\/\/networksistemas.com.br\/website\/index.php\/wp-json\/wp\/v2\/tags?post=11748"}],"curies":[{"name":"wp","href":"https:\/\/api.w.org\/{rel}","templated":true}]}}