{"id":11755,"date":"2016-10-17T19:21:43","date_gmt":"2016-10-17T19:21:43","guid":{"rendered":"http:\/\/networksistemas.com.br\/website\/?page_id=11755"},"modified":"2024-03-19T19:47:30","modified_gmt":"2024-03-19T19:47:30","slug":"sobre-nos","status":"publish","type":"page","link":"https:\/\/networksistemas.com.br\/website\/index.php\/sobre-nos\/","title":{"rendered":"Sobre N\u00f3s"},"content":{"rendered":"<p><img loading=\"lazy\" decoding=\"async\" class=\"size-full wp-image-11757 alignleft\" src=\"https:\/\/networksistemas.com.br\/website\/wp-content\/uploads\/2016\/10\/nossaempresa.png\" alt=\"nossaempresa\" width=\"172\" height=\"179\" \/>A Network Sistemas foi fundada em 1995\u00a0com o objetivo de\u00a0atender\u00a0as necessidades do mercado de inform\u00e1tica. Hoje a Network \u00e9 especializada em Hospedagem Compartilhada, Cloud Computing e Implanta\u00e7\u00e3o de Loja Virtual com plataforma pr\u00f3pria.<\/p>\n<p class=\"textosite\">Nossa principal prioridade \u00e9 fornecer valor agregado aos nossos clientes, pois em \u00faltima an\u00e1lise o nosso sucesso depende da sua satisfa\u00e7\u00e3o. Para isso oferecemos solu\u00e7\u00f5es que capacitam nossos clientes a atingir seus objetivos mais r\u00e1pido, mais f\u00e1cil e com maior efici\u00eancia.<\/p>\n<p class=\"textosite\">Colocamos novas id\u00e9ias em a\u00e7\u00e3o, criando servi\u00e7os que beneficiam nossos clientes. Encorajamos a experimenta\u00e7\u00e3o e a imagina\u00e7\u00e3o. Nossa criatividade e disposi\u00e7\u00e3o para assumir riscos nos permitem construir um ambiente em que id\u00e9ias promissoras possam ser rapidamente transformadas em solu\u00e7\u00f5es de sucesso.<\/p>\n<p class=\"textosite\">Trabalhamos para obter lucros, enquanto lutamos pela lideran\u00e7a em nossas \u00e1reas de atua\u00e7\u00e3o, procurando sempre um aumento constante no valor econ\u00f4mico agregado. Isto nos concede a liberdade empreendedora que precisamos e nos torna um parceiro confi\u00e1vel. Para assegurar sucesso financeiro, otimizamos tempo, qualidade, e custos em todas as nossas atividades.<\/p>\n<p class=\"textosite\"><strong><span class=\"titulonegrito\">&#8211; Equipe de Gerenciamento<\/span><\/strong><\/p>\n<p class=\"textosite\">Nossa equipe \u00e9 formada por especialistas em an\u00e1lise e desenvolvimento de sistemas al\u00e9m de contarmos com\u00a0uma equipe de Web Designer\u00b4s, experientes em criar e editorar\u00a0home pages, utilizando sempre ferramentas de ultima gera\u00e7\u00e3o.<\/p>\n<p class=\"textosite\">Nossos gerentes estabelecem metas claras, ambiciosas, e inspiradoras. Sempre nos esfor\u00e7amos para nos superarmos. Se n\u00e3o o fizermos, outros o far\u00e3o. Atrav\u00e9s de uma lideran\u00e7a fundamentada em confian\u00e7a, delegamos poder aos nossos colaboradores, para que tomem decis\u00f5es pr\u00f3prias. Demonstramos coragem e convic\u00e7\u00e3o quando introduzimos as mudan\u00e7as necess\u00e1rias. Nossos gerentes servem como modelos de comportamento em tudo que fazem.<\/p>\n<p class=\"textosite\">Sempre comparamo-nos com os melhores do mercado. Cada um de n\u00f3s se esfor\u00e7a para aprender continuamente. Recebemos e oferecemos feedback abertamente, e tamb\u00e9m aprendemos com nossos erros. Somos mais r\u00e1pidos que os outros na identifica\u00e7\u00e3o de novas oportunidades, e na adapta\u00e7\u00e3o de nossas solu\u00e7\u00f5es, nossa organiza\u00e7\u00e3o, e nosso comportamento de acordo com as novas situa\u00e7\u00f5es.<\/p>\n<p class=\"textosite\">Todos os nossos pensamentos e a\u00e7\u00f5es se originam de um senso de responsabilidade quando se trata de atingir um objetivo comum. A nossa coopera\u00e7\u00e3o \u00e9 caracterizada pela confian\u00e7a, integridade pessoal, respeito m\u00fatuo, e comunica\u00e7\u00e3o aberta.<\/p>\n<p class=\"textosite\">Nosso conhecimento e nossas solu\u00e7\u00f5es ajudam a criar um mundo melhor. Garantimos o futuro de nossos colaboradores atrav\u00e9s do treinamento e da educa\u00e7\u00e3o cont\u00ednuos. A integridade orienta a nossa conduta frente aos nossos parceiros, colegas, e o publico em geral. Diferen\u00e7as culturais enriquecem a nossa organiza\u00e7\u00e3o.<\/p>\n<p class=\"textosite\">Nossos colaboradores desempenham um papel decisivo no sucesso de nossa empresa, com seu conhecimento, suas capacidades, e seu entusiasmo. Os princ\u00edpios de conduta que estabelecemos norteiam tanto o nosso pensamento quanto as nossas a\u00e7\u00f5es, e se aplicam a cada indiv\u00edduo, assim como a todos n\u00f3s. Nossa organiza\u00e7\u00e3o e o modo como trabalhamos juntos &#8211; em particular a nossa filosofia de lideran\u00e7a &#8211; s\u00e3o fundamentadas nesses princ\u00edpios. Feedback imediato, tanto positivo quanto negativo, ajuda-nos a colocar esses princ\u00edpios em pr\u00e1tica. Eles desencadeiam a energia e a qualidade que precisamos para atingir o sucesso. N\u00f3s fazemos destes princ\u00edpios, realidades.<\/p>\n<p class=\"textosite\">Nosso compromisso \u00e9 apresentar solu\u00e7\u00f5es que permitam aos nossos clientes aumentar sua competitividade e performance nos mercados em que atuam.<\/p>\n<p class=\"textosite\">Ser a empresa l\u00edder no fornecimento de solu\u00e7\u00f5es inovadoras e personalizadas na \u00e1rea em que atuamos tudo coma mais alta qualidade e pre\u00e7o justo, com um novo conceito de atendimento ao cliente e o compromisso de manter estreito relacionamento com a comunidade.<\/p>\n<p class=\"textosite\"><strong><span class=\"titulonegrito\">&#8211; Local da Empresa<\/span><\/strong><\/p>\n<p><img loading=\"lazy\" decoding=\"async\" class=\"size-full wp-image-11756 alignleft\" src=\"https:\/\/networksistemas.com.br\/website\/wp-content\/uploads\/2016\/10\/carta.gif\" alt=\"carta\" width=\"45\" height=\"52\" \/>Network Solu\u00e7\u00f5es Internet<br \/>\nAv. Augusto Bauer, 302 &#8211; Jardim Maluche<br \/>\nBrusque &#8211; SC &#8211; 88354-040<br \/>\nFone\/WhatsApp: (47) 98402-1518<br \/>\nSuporte: <a title=\"Formul\u00e1rio de Contato.\" href=\"https:\/\/networksistemas.com.br\/website\/index.php\/suporte\/\" target=\"_parent\" rel=\"noopener noreferrer\">Acesse o formul\u00e1rio<\/a><\/p>\n","protected":false},"excerpt":{"rendered":"<p>A Network Sistemas foi fundada em 1995\u00a0com o objetivo de\u00a0atender\u00a0as necessidades do mercado de inform\u00e1tica. Hoje a Network \u00e9 especializada em Hospedagem Compartilhada, Cloud Computing e Implanta\u00e7\u00e3o de Loja Virtual com plataforma pr\u00f3pria. Nossa principal prioridade \u00e9 fornecer valor agregado aos nossos clientes, pois em \u00faltima an\u00e1lise o nosso sucesso depende da sua satisfa\u00e7\u00e3o. Para&hellip;<\/p>\n<p class=\"more-link\"><a href=\"https:\/\/networksistemas.com.br\/website\/index.php\/sobre-nos\/\" class=\"themebutton3\">Read More<\/a><\/p>\n","protected":false},"author":1,"featured_media":0,"parent":0,"menu_order":0,"comment_status":"closed","ping_status":"closed","template":"","meta":{"footnotes":""},"categories":[],"tags":[],"_links":{"self":[{"href":"https:\/\/networksistemas.com.br\/website\/index.php\/wp-json\/wp\/v2\/pages\/11755"}],"collection":[{"href":"https:\/\/networksistemas.com.br\/website\/index.php\/wp-json\/wp\/v2\/pages"}],"about":[{"href":"https:\/\/networksistemas.com.br\/website\/index.php\/wp-json\/wp\/v2\/types\/page"}],"author":[{"embeddable":true,"href":"https:\/\/networksistemas.com.br\/website\/index.php\/wp-json\/wp\/v2\/users\/1"}],"replies":[{"embeddable":true,"href":"https:\/\/networksistemas.com.br\/website\/index.php\/wp-json\/wp\/v2\/comments?post=11755"}],"version-history":[{"count":7,"href":"https:\/\/networksistemas.com.br\/website\/index.php\/wp-json\/wp\/v2\/pages\/11755\/revisions"}],"predecessor-version":[{"id":12689,"href":"https:\/\/networksistemas.com.br\/website\/index.php\/wp-json\/wp\/v2\/pages\/11755\/revisions\/12689"}],"wp:attachment":[{"href":"https:\/\/networksistemas.com.br\/website\/index.php\/wp-json\/wp\/v2\/media?parent=11755"}],"wp:term":[{"taxonomy":"category","embeddable":true,"href":"https:\/\/networksistemas.com.br\/website\/index.php\/wp-json\/wp\/v2\/categories?post=11755"},{"taxonomy":"post_tag","embeddable":true,"href":"https:\/\/networksistemas.com.br\/website\/index.php\/wp-json\/wp\/v2\/tags?post=11755"}],"curies":[{"name":"wp","href":"https:\/\/api.w.org\/{rel}","templated":true}]}}